{"id":4,"date":"2023-03-12T22:06:47","date_gmt":"2023-03-12T22:06:47","guid":{"rendered":"http:\/\/oho-haushaltsaufloesungen.de\/willkommen-auf-http-oho-haushaltsaufloesungen-de\/"},"modified":"2023-03-30T18:46:21","modified_gmt":"2023-03-30T18:46:21","slug":"willkommen-auf-http-oho-haushaltsaufloesungen-de","status":"publish","type":"page","link":"https:\/\/www.oho-haushaltsaufloesungen.de\/","title":{"rendered":"OHO Haushaltsaufl\u00f6sungen in Heidelberg, Wiesloch und Umgebung"},"content":{"rendered":"<p><strong>Die Firma OHO Haushaltsaufl\u00f6sungen steht Ihnen jederzeit mit Rat und Tat zur Verf\u00fcgung. Egal, ob die Aufl\u00f6sung eines gesamten Haushaltes, einer umfangreichen Sammlung oder einer ganzen Firma. <\/strong><strong>Gerne kommen wir unverbindlich zu Ihnen und unterbreiten Ihnen einen attraktiven Kostenvoranschlag.<\/strong><\/p>\n<p><img loading=\"lazy\" decoding=\"async\" class=\"wp-image-244 alignright\" src=\"https:\/\/www.oho-haushaltsaufloesungen.de\/wp-content\/uploads\/2023\/03\/Bild.png\" alt=\"\" width=\"367\" height=\"411\" srcset=\"https:\/\/www.oho-haushaltsaufloesungen.de\/wp-content\/uploads\/2023\/03\/Bild.png 1230w, https:\/\/www.oho-haushaltsaufloesungen.de\/wp-content\/uploads\/2023\/03\/Bild-267x300.png 267w, https:\/\/www.oho-haushaltsaufloesungen.de\/wp-content\/uploads\/2023\/03\/Bild-913x1024.png 913w, https:\/\/www.oho-haushaltsaufloesungen.de\/wp-content\/uploads\/2023\/03\/Bild-768x862.png 768w\" sizes=\"(max-width: 367px) 100vw, 367px\" \/><\/p>\n<p><strong>Auch wenn es sich nur um die Entr\u00fcmpelung einer Garage, eines Kellers oder Dachbodens handelt. Die Angebotserstellung kostet Sie nichts. Wir garantieren Zuverl\u00e4ssigkeit, Sorgfalt und Schnelligkeit.<\/strong><\/p>\n<p><img loading=\"lazy\" decoding=\"async\" class=\"wp-image-246 alignleft\" src=\"https:\/\/www.oho-haushaltsaufloesungen.de\/wp-content\/uploads\/2023\/03\/Rucksack.png\" alt=\"\" width=\"491\" height=\"268\" srcset=\"https:\/\/www.oho-haushaltsaufloesungen.de\/wp-content\/uploads\/2023\/03\/Rucksack.png 1280w, https:\/\/www.oho-haushaltsaufloesungen.de\/wp-content\/uploads\/2023\/03\/Rucksack-300x164.png 300w, https:\/\/www.oho-haushaltsaufloesungen.de\/wp-content\/uploads\/2023\/03\/Rucksack-1024x558.png 1024w, https:\/\/www.oho-haushaltsaufloesungen.de\/wp-content\/uploads\/2023\/03\/Rucksack-768x419.png 768w\" sizes=\"(max-width: 491px) 100vw, 491px\" \/><\/p>\n<p>&nbsp;<\/p>\n<p><strong>Bei Fragen oder Interesse kommen Sie gerne auf uns zu, damit auch wir Sie \u00fcberzeugen k\u00f6nnen! Am besten erreichen Sie uns mobil unter der Telefonnummer: <a href=\"tel:01725690382\">01725690382<\/a> oder Sie schreiben uns einfach \u00fcber das Kontaktformular.<\/strong><\/p>\n<p><strong>Mit den besten Empfehlungen<\/strong><\/p>\n<p><strong>Ihr<\/strong><\/p>\n<p><strong>Oliver Horvath<br \/>\n<\/strong><\/p>\n","protected":false},"excerpt":{"rendered":"<p>Die Firma OHO Haushaltsaufl\u00f6sungen steht Ihnen jederzeit mit Rat und Tat zur Verf\u00fcgung. Egal, ob die Aufl\u00f6sung eines gesamten Haushaltes, einer umfangreichen Sammlung oder einer ganzen Firma. Gerne kommen wir unverbindlich zu Ihnen und&#46;&#46;&#46;<\/p>\n","protected":false},"author":1,"featured_media":0,"parent":0,"menu_order":0,"comment_status":"closed","ping_status":"open","template":"","meta":{"ngg_post_thumbnail":0,"footnotes":""},"class_list":["post-4","page","type-page","status-publish","hentry"],"_links":{"self":[{"href":"https:\/\/www.oho-haushaltsaufloesungen.de\/index.php?rest_route=\/wp\/v2\/pages\/4"}],"collection":[{"href":"https:\/\/www.oho-haushaltsaufloesungen.de\/index.php?rest_route=\/wp\/v2\/pages"}],"about":[{"href":"https:\/\/www.oho-haushaltsaufloesungen.de\/index.php?rest_route=\/wp\/v2\/types\/page"}],"author":[{"embeddable":true,"href":"https:\/\/www.oho-haushaltsaufloesungen.de\/index.php?rest_route=\/wp\/v2\/users\/1"}],"replies":[{"embeddable":true,"href":"https:\/\/www.oho-haushaltsaufloesungen.de\/index.php?rest_route=%2Fwp%2Fv2%2Fcomments&post=4"}],"version-history":[{"count":25,"href":"https:\/\/www.oho-haushaltsaufloesungen.de\/index.php?rest_route=\/wp\/v2\/pages\/4\/revisions"}],"predecessor-version":[{"id":324,"href":"https:\/\/www.oho-haushaltsaufloesungen.de\/index.php?rest_route=\/wp\/v2\/pages\/4\/revisions\/324"}],"wp:attachment":[{"href":"https:\/\/www.oho-haushaltsaufloesungen.de\/index.php?rest_route=%2Fwp%2Fv2%2Fmedia&parent=4"}],"curies":[{"name":"wp","href":"https:\/\/api.w.org\/{rel}","templated":true}]}}