{"id":2,"date":"2023-03-12T17:16:02","date_gmt":"2023-03-12T17:16:02","guid":{"rendered":"http:\/\/oho-haushaltsaufloesungen.de\/?page_id=2"},"modified":"2023-03-22T19:29:47","modified_gmt":"2023-03-22T19:29:47","slug":"ueber-uns","status":"publish","type":"page","link":"https:\/\/www.oho-haushaltsaufloesungen.de\/?page_id=2","title":{"rendered":"\u00dcber uns"},"content":{"rendered":"<p><strong>Das Team von OHO Haushaltsaufl\u00f6sungen arbeitet:<\/strong><\/p>\n<ul>\n<li><strong>diskret<\/strong><\/li>\n<li><strong>schnell<\/strong><\/li>\n<li><strong>zuverl\u00e4ssig<\/strong><\/li>\n<\/ul>\n<p><img loading=\"lazy\" decoding=\"async\" class=\"wp-image-305 alignright\" src=\"https:\/\/www.oho-haushaltsaufloesungen.de\/wp-content\/uploads\/2023\/03\/Wecker.png\" alt=\"\" width=\"327\" height=\"393\" srcset=\"https:\/\/www.oho-haushaltsaufloesungen.de\/wp-content\/uploads\/2023\/03\/Wecker.png 1023w, https:\/\/www.oho-haushaltsaufloesungen.de\/wp-content\/uploads\/2023\/03\/Wecker-250x300.png 250w, https:\/\/www.oho-haushaltsaufloesungen.de\/wp-content\/uploads\/2023\/03\/Wecker-852x1024.png 852w, https:\/\/www.oho-haushaltsaufloesungen.de\/wp-content\/uploads\/2023\/03\/Wecker-768x923.png 768w\" sizes=\"(max-width: 327px) 100vw, 327px\" \/><br \/>\n&nbsp;<\/p>\n<p><strong>Wir unterst\u00fctzen Sie auch bei kleineren Themen wie zum Beispiel bei einer partiellen Demontage einer K\u00fcche oder von Einbaum\u00f6beln, beim Transport und bei der Abholung von M\u00f6beln, Sperrm\u00fcll oder ausgedientem Hausrat. Ganz ungeachtet des Auftragsumfangs bieten wir Ihnen einen professionellen Service. Bei der Entsorgung halten wir die geltenden Umweltstandards ein und recyclen fachgerecht nach dem besten Gewissen. Dabei ist uns Diskretion und Zuverl\u00e4ssigkeit unseren Kunden gegen\u00fcber das h\u00f6chste Gut!<\/strong><\/p>\n<p><strong>Haben wir Ihr Interesse geweckt? Dann kommen Sie gerne auf uns zu, damit auch wir Sie \u00fcberzeugen k\u00f6nnen!<\/strong><\/p>\n<p><strong>Mobilrufnummer: <a href=\"tel:01725690382\">01725690382<\/a><\/strong><\/p>\n<p>&nbsp;<\/p>\n","protected":false},"excerpt":{"rendered":"<p>Das Team von OHO Haushaltsaufl\u00f6sungen arbeitet: diskret schnell zuverl\u00e4ssig &nbsp; Wir unterst\u00fctzen Sie auch bei kleineren Themen wie zum Beispiel bei einer partiellen Demontage einer K\u00fcche oder von Einbaum\u00f6beln, beim Transport und bei der&#46;&#46;&#46;<\/p>\n","protected":false},"author":1,"featured_media":0,"parent":0,"menu_order":0,"comment_status":"closed","ping_status":"open","template":"","meta":{"ngg_post_thumbnail":0,"footnotes":""},"class_list":["post-2","page","type-page","status-publish","hentry"],"_links":{"self":[{"href":"https:\/\/www.oho-haushaltsaufloesungen.de\/index.php?rest_route=\/wp\/v2\/pages\/2"}],"collection":[{"href":"https:\/\/www.oho-haushaltsaufloesungen.de\/index.php?rest_route=\/wp\/v2\/pages"}],"about":[{"href":"https:\/\/www.oho-haushaltsaufloesungen.de\/index.php?rest_route=\/wp\/v2\/types\/page"}],"author":[{"embeddable":true,"href":"https:\/\/www.oho-haushaltsaufloesungen.de\/index.php?rest_route=\/wp\/v2\/users\/1"}],"replies":[{"embeddable":true,"href":"https:\/\/www.oho-haushaltsaufloesungen.de\/index.php?rest_route=%2Fwp%2Fv2%2Fcomments&post=2"}],"version-history":[{"count":48,"href":"https:\/\/www.oho-haushaltsaufloesungen.de\/index.php?rest_route=\/wp\/v2\/pages\/2\/revisions"}],"predecessor-version":[{"id":322,"href":"https:\/\/www.oho-haushaltsaufloesungen.de\/index.php?rest_route=\/wp\/v2\/pages\/2\/revisions\/322"}],"wp:attachment":[{"href":"https:\/\/www.oho-haushaltsaufloesungen.de\/index.php?rest_route=%2Fwp%2Fv2%2Fmedia&parent=2"}],"curies":[{"name":"wp","href":"https:\/\/api.w.org\/{rel}","templated":true}]}}